{"id":4514,"date":"2021-02-03T13:03:30","date_gmt":"2021-02-03T12:03:30","guid":{"rendered":"https:\/\/nods.ch\/?page_id=4514"},"modified":"2026-02-11T10:28:56","modified_gmt":"2026-02-11T09:28:56","slug":"social","status":"publish","type":"page","link":"https:\/\/nods.ch\/de\/social\/","title":{"rendered":"Social"},"content":{"rendered":"<div class=\"wpb-content-wrapper\"><div id=\"lp_nods_slider\" class=\"vc_row wpb_row vc_row-fluid vc_custom_1612280555510 vc_row-has-fill vc_row-o-content-middle vc_row-flex\"><div class=\"wpb_column vc_column_container vc_col-sm-12\"><div class=\"vc_column-inner vc_custom_1614876079293\"><div class=\"wpb_wrapper\">\n\t<div class=\"wpb_text_column wpb_content_element vc_custom_1612179110651\" >\n\t\t<div class=\"wpb_wrapper\">\n\t\t\t<p><strong><div class=\"vc_row wpb_row vc_row-fluid vc_custom_1612173313158\"><div class=\"wpb_column vc_column_container vc_col-sm-12\"><div class=\"vc_column-inner vc_custom_1611760999808\"><div class=\"wpb_wrapper\">\n\t\t\t\t<p class=\"rs-p-wp-fix\"><\/p>\n\t\t\t\t<sr7-module data-alias=\"nods-small-2-1\" data-id=\"44\" id=\"woodmart-main-slider\" data-version=\"6.7.51\">\n\t\t\t\t\t<sr7-adjuster><\/sr7-adjuster>\n\t\t\t\t\t<sr7-content>\n\t\t\t\t\t\t<sr7-slide id=\"woodmart-main-slider-98\" data-key=\"98\">\n\t\t\t\t\t\t<\/sr7-slide>\n\t\t\t\t\t\t<sr7-slide id=\"woodmart-main-slider-124\" data-key=\"124\">\n\t\t\t\t\t\t<\/sr7-slide>\n\t\t\t\t\t<\/sr7-content>\n\t\t\t\t<\/sr7-module>\n\t\t\t\t<script>\n\t\t\t\t\twindow.SR7 ??={};SR7.PMH ??={}; SR7.PMH[\"woodmart-main-slider\"] = {cn:100,state:false,fn: function() { if (window._tpt!==undefined && window._tpt.prepareModuleHeight !== undefined) {  _tpt.prepareModuleHeight({id:\"woodmart-main-slider\",el:[195,476,500,500],type:'standard',shdw:'0',gh:[195,195,195,195],gw:[1240,1024,778,778],vpt:['20%'],size:{fullWidth:true, fullHeight:true},offsetContainer:'',offset:'',mh:'0',onh:0,onw:0,bg:{color:'rgba(255, 255, 255, 0)'},plType:'0',plColor:'#FFFFFF'});   SR7.PMH[\"woodmart-main-slider\"].state=true;} else if(SR7.PMH[\"woodmart-main-slider\"].cn-->0)\tsetTimeout( SR7.PMH[\"woodmart-main-slider\"].fn,19);}};SR7.PMH[\"woodmart-main-slider\" ].fn();\n\t\t\t\t<\/script>\n<\/div><\/div><\/div><\/div><style data-type=\"vc_shortcodes-custom-css\">.vc_custom_1612173313158{margin-top: -120px !important;margin-bottom: 0px !important;padding-top: 0px !important;padding-bottom: 0px !important;}.vc_custom_1611760999808{margin-top: 0px !important;margin-bottom: 0px !important;padding-top: 0px !important;padding-bottom: 0px !important;}<\/style><\/strong><\/p>\n\n\t\t<\/div>\n\t<\/div>\n<\/div><\/div><\/div><\/div><div data-vc-full-width=\"true\" data-vc-full-width-temp=\"true\" data-vc-full-width-init=\"false\" class=\"vc_row wpb_row vc_row-fluid lp_first_row vc_row-o-content-middle vc_row-flex woodmart-bg-center-center\"><div class=\"wpb_column vc_column_container vc_col-sm-12\"><div class=\"vc_column-inner\"><div class=\"wpb_wrapper\"><div class=\"vc_empty_space lp_home_slider_empty\"   style=\"height: 540px\"><span class=\"vc_empty_space_inner\"><\/span><\/div>\r\n\t\t<div id=\"wd-601a9108ea611\" class=\"title-wrapper  woodmart-title-color-primary woodmart-title-style-default woodmart-title-width-100 text-left woodmart-title-size-large \">\r\n\t\t\t\r\n\t\t\t<div class=\"liner-continer\">\r\n\t\t\t\t<span class=\"left-line\"><\/span>\r\n\t\t\t\t<h3 class=\"woodmart-title-container title  woodmart-font-weight-500\" >Social<\/h3>\t\t\t\t\t\t\t\t<span class=\"right-line\"><\/span>\r\n\t\t\t<\/div>\r\n\t\t\t\r\n\t\t\t\r\n\t\t\t\t\t<\/div>\r\n\t\t\r\n\t\t<div class=\"vc_empty_space\"   style=\"height: 60px\"><span class=\"vc_empty_space_inner\"><\/span><\/div>\r\n\t\t<div id=\"wd-601a91585aa8e\" class=\"title-wrapper  woodmart-title-color-primary woodmart-title-style-default woodmart-title-width-100 text-left woodmart-title-size-medium \">\r\n\t\t\t\r\n\t\t\t<div class=\"liner-continer\">\r\n\t\t\t\t<span class=\"left-line\"><\/span>\r\n\t\t\t\t<h3 class=\"woodmart-title-container title  woodmart-font-weight-500\" >AVS-AI<\/h3>\t\t\t\t\t\t\t\t<span class=\"right-line\"><\/span>\r\n\t\t\t<\/div>\r\n\t\t\t\r\n\t\t\t\r\n\t\t\t\t\t<\/div>\r\n\t\t\r\n\t\t\n\t<div class=\"wpb_text_column wpb_content_element\" >\n\t\t<div class=\"wpb_wrapper\">\n\t\t\t<table width=\"670\">\n<tbody>\n<tr>\n<td><strong>Adresse :<\/strong><\/td>\n<td>Place du March\u00e9 3, 2520 La Neuveville<\/td>\n<\/tr>\n<tr>\n<td><strong>T\u00e9l\u00e9phone :<\/strong><\/td>\n<td>032 752 10 40<\/td>\n<\/tr>\n<tr>\n<td><strong>Fax :<\/strong><\/td>\n<td>032 752 10 69<\/td>\n<\/tr>\n<tr>\n<td><strong>E-mail:<\/strong><\/td>\n<td><a href=\"mailto:avs@neuveville.ch\">avs@neuveville.ch<\/a><\/td>\n<\/tr>\n<tr>\n<td><strong>Heures d&rsquo;ouverture :<\/strong><\/td>\n<td>LU &#8211; VE : 8h30-11h30 et 13h45-16h15, JE: 17h45<br \/>\nMardi apr\u00e8s-midi ferm\u00e9<\/td>\n<\/tr>\n<\/tbody>\n<\/table>\n\n\t\t<\/div>\n\t<\/div>\n<div id=\"wd-602cde9f180f8\" class=\"woodmart-button-wrapper text-center inline-element\"><a href=\"https:\/\/www.akbern.ch\/fr\" title=\"\" target=\"_blank\" class=\"btn btn-color-alt btn-style-default btn-shape-rectangle btn-size-large\">Caisse de compensation<\/a><\/div><div class=\"vc_empty_space\"   style=\"height: 60px\"><span class=\"vc_empty_space_inner\"><\/span><\/div><\/div><\/div><\/div><\/div><div class=\"vc_row-full-width vc_clearfix\"><\/div><div class=\"vc_row wpb_row vc_row-fluid\"><div class=\"wpb_column vc_column_container vc_col-sm-12\"><div class=\"vc_column-inner\"><div class=\"wpb_wrapper\"><\/div><\/div><\/div><\/div><div data-vc-full-width=\"true\" data-vc-full-width-temp=\"true\" data-vc-full-width-init=\"false\" class=\"vc_row wpb_row vc_row-fluid vc_custom_1612355285296 vc_row-has-fill\"><div class=\"wpb_column vc_column_container vc_col-sm-12\"><div class=\"vc_column-inner\"><div class=\"wpb_wrapper\">\r\n\t\t<div id=\"wd-601a9595cb152\" class=\"title-wrapper  woodmart-title-color-primary woodmart-title-style-default woodmart-title-width-100 text-left woodmart-title-size-medium \">\r\n\t\t\t\r\n\t\t\t<div class=\"liner-continer\">\r\n\t\t\t\t<span class=\"left-line\"><\/span>\r\n\t\t\t\t<h3 class=\"woodmart-title-container title  woodmart-font-weight-500\" >Service social r\u00e9gional<\/h3>\t\t\t\t\t\t\t\t<span class=\"right-line\"><\/span>\r\n\t\t\t<\/div>\r\n\t\t\t\r\n\t\t\t\r\n\t\t\t\t\t<\/div>\r\n\t\t\r\n\t\t\t\t\t<div class=\"info-box-wrapper \">\r\n\t\t\t\t<div id=\"wd-601a964208926\" class=\" woodmart-info-box text-left box-icon-align-top box-style- color-scheme- woodmart-bg-none box-title-default \"  >\r\n\t\t\t\t\t\t\t\t\t\t<div class=\"info-box-content\">\r\n\t\t\t\t\t\t\t\t\t\t\t\t<div class=\"info-box-inner reset-mb-10\">\r\n\t\t\t\t\t\t\t<p>Adresse : Place du March\u00e9 3, 2520 La Neuveville<br \/>\nT\u00e9l\u00e9phone : <a href=\"tel:0327521020\">032 752 10 20<\/a><br \/>\nE-mail: <a href=\"mailto:secretariat.social@neuveville.ch\">secretariat.social@neuveville.ch<\/a><br \/>\nHeures d&rsquo;ouverture : LU &#8211; VE : 8h30-11h30 et 13h45-16h15, JE: 17h45<br \/>\nMardi apr\u00e8s-midi ferm\u00e9<\/p>\n\t\t\t\t\t\t<\/div>\r\n\r\n\t\t\t\t\t\t\t\t\t\t\t\t\r\n\t\t\t\t\t<\/div>\r\n\r\n\t\t\t\t\t\t\t\t\t<\/div>\r\n\t\t\t<\/div>\r\n\t\t<div class=\"vc_empty_space\"   style=\"height: 20px\"><span class=\"vc_empty_space_inner\"><\/span><\/div><\/div><\/div><\/div><\/div><div class=\"vc_row-full-width vc_clearfix\"><\/div><div class=\"vc_row wpb_row vc_row-fluid\"><div class=\"wpb_column vc_column_container vc_col-sm-12\"><div class=\"vc_column-inner\"><div class=\"wpb_wrapper\">\r\n\t\t<div id=\"wd-602a88028afb2\" class=\"title-wrapper  woodmart-title-color-primary woodmart-title-style-default woodmart-title-width-100 text-left woodmart-title-size-medium \">\r\n\t\t\t\r\n\t\t\t<div class=\"liner-continer\">\r\n\t\t\t\t<span class=\"left-line\"><\/span>\r\n\t\t\t\t<h3 class=\"woodmart-title-container title  woodmart-font-weight-500\" >SMAD - Service de Maintien \u00e0 Domicile<\/h3>\t\t\t\t\t\t\t\t<span class=\"right-line\"><\/span>\r\n\t\t\t<\/div>\r\n\t\t\t\r\n\t\t\t\t\t\t\t<div class=\"title-after_title\"><strong>Qui sont-ils ?<\/strong><br \/>\nUne \u00e9quipe d\u2019une vingtaine de professionnels de la sant\u00e9 qui fournissent des prestations de qualit\u00e9 tout en respectant vos habitudes de vie.<\/div>\r\n\t\t\t\r\n\t\t\t\t\t<\/div>\r\n\t\t\r\n\t\t\t\t\t<div class=\"info-box-wrapper \">\r\n\t\t\t\t<div id=\"wd-604769392bd16\" class=\" woodmart-info-box text-left box-icon-align-top box-style- color-scheme- woodmart-bg-none box-title-default \"  >\r\n\t\t\t\t\t\t\t\t\t\t<div class=\"info-box-content\">\r\n\t\t\t\t\t\t\t\t\t\t\t\t<div class=\"info-box-inner reset-mb-10\">\r\n\t\t\t\t\t\t\t<p>Le secr\u00e9tariat est \u00e0 votre disposition :<br \/>\nDu lundi au vendredi de 8h00 \u00e0 12h00.<br \/>\nLundi-mardi-mercredi de 14h00 \u00e0 16h00.<br \/>\nJeudi et vendredi, le SMAD est atteignable uniquement par t\u00e9l\u00e9phone entre 14h00 et 16h00<\/p>\n<p>Tous les jours de la semaine, de 16h \u00e0 17h, une infirmi\u00e8re est disponible dans leurs locaux :<\/p>\n<p><strong>Route de Neuch\u00e2tel 19, 2520 La Neuveville<\/strong>\u00a0(1er \u00e9tage avec ascenseur).<\/p>\n\t\t\t\t\t\t<\/div>\r\n\r\n\t\t\t\t\t\t\t\t\t\t\t\t\r\n\t\t\t\t\t<\/div>\r\n\r\n\t\t\t\t\t\t\t\t\t<\/div>\r\n\t\t\t<\/div>\r\n\t\t<div id=\"wd-601a9448c4f57\" class=\"woodmart-button-wrapper text-center inline-element\"><a href=\"http:\/\/www.smad.ch\/\" title=\"\" target=\"_blank\" class=\"btn btn-color-alt btn-style-default btn-shape-rectangle btn-size-large\">Site web<\/a><\/div><div class=\"vc_empty_space\"   style=\"height: 20px\"><span class=\"vc_empty_space_inner\"><\/span><\/div><\/div><\/div><\/div><\/div><div data-vc-full-width=\"true\" data-vc-full-width-temp=\"true\" data-vc-full-width-init=\"false\" class=\"vc_row wpb_row vc_row-fluid vc_custom_1612355285296 vc_row-has-fill\"><div class=\"wpb_column vc_column_container vc_col-sm-12\"><div class=\"vc_column-inner\"><div class=\"wpb_wrapper\">\r\n\t\t<div id=\"wd-602b7be55c6f0\" class=\"title-wrapper  woodmart-title-color-primary woodmart-title-style-default woodmart-title-width-100 text-left woodmart-title-size-medium \">\r\n\t\t\t\r\n\t\t\t<div class=\"liner-continer\">\r\n\t\t\t\t<span class=\"left-line\"><\/span>\r\n\t\t\t\t<h3 class=\"woodmart-title-container title  woodmart-font-weight-500\" >Ch\u00f4mage<\/h3>\t\t\t\t\t\t\t\t<span class=\"right-line\"><\/span>\r\n\t\t\t<\/div>\r\n\t\t\t\r\n\t\t\t\r\n\t\t\t\t\t<\/div>\r\n\t\t\r\n\t\t\t\t\t<div class=\"info-box-wrapper \">\r\n\t\t\t\t<div id=\"wd-698c4abfed0ec\" class=\" woodmart-info-box text-left box-icon-align-top box-style- color-scheme- woodmart-bg-none box-title-default \"  >\r\n\t\t\t\t\t\t\t\t\t\t<div class=\"info-box-content\">\r\n\t\t\t\t\t\t\t\t\t\t\t\t<div class=\"info-box-inner reset-mb-10\">\r\n\t\t\t\t\t\t\t<p>Vous \u00eates \u00e0 la recherche d\u2019un emploi. Informez-vous \u00e0 temps des d\u00e9marches \u00e0 entreprendre pour obtenir des indemnit\u00e9s de ch\u00f4mage et retrouver au plus vite un emploi.<\/p>\n<p>Vous trouverez toutes les informations actuelles sur le th\u00e8me du ch\u00f4mage sur\u00a0<a href=\"http:\/\/www.be.ch\/oac\">http:\/\/www.be.ch\/oac<\/a>.<\/p>\n<p>Si vous avez des questions, vous pouvez vous adresser directement \u00e0 l&rsquo;Office de l&rsquo;assurance-ch\u00f4mage Biel\/Bienne, Rue Centrale 63, Case postale, 2501 Bienne au N\u00b0 de t\u00e9l\u00e9phone 031 636 70 00.<\/p>\n\t\t\t\t\t\t<\/div>\r\n\r\n\t\t\t\t\t\t\t\t\t\t\t\t\r\n\t\t\t\t\t<\/div>\r\n\r\n\t\t\t\t\t\t\t\t\t<\/div>\r\n\t\t\t<\/div>\r\n\t\t<\/div><\/div><\/div><\/div><div class=\"vc_row-full-width vc_clearfix\"><\/div><div data-vc-full-width=\"true\" data-vc-full-width-temp=\"true\" data-vc-full-width-init=\"false\" class=\"vc_row wpb_row vc_row-fluid vc_custom_1612355285296 vc_row-has-fill\"><div class=\"wpb_column vc_column_container vc_col-sm-4\"><div class=\"vc_column-inner\"><div class=\"wpb_wrapper\"><div class=\"vc_empty_space\"   style=\"height: 20px\"><span class=\"vc_empty_space_inner\"><\/span><\/div><\/div><\/div><\/div><div class=\"wpb_column vc_column_container vc_col-sm-4\"><div class=\"vc_column-inner\"><div class=\"wpb_wrapper\"><\/div><\/div><\/div><div class=\"wpb_column vc_column_container vc_col-sm-4\"><div class=\"vc_column-inner\"><div class=\"wpb_wrapper\"><\/div><\/div><\/div><\/div><div class=\"vc_row-full-width vc_clearfix\"><\/div>\n<\/div>","protected":false},"excerpt":{"rendered":"Social AVS-AI Adresse : Place du March\u00e9 3, 2520 La Neuveville T\u00e9l\u00e9phone : 032 752 10 40 Fax : 032","protected":false},"author":1,"featured_media":0,"parent":0,"menu_order":0,"comment_status":"closed","ping_status":"closed","template":"","meta":{"_acf_changed":false,"footnotes":""},"class_list":["post-4514","page","type-page","status-publish","hentry"],"acf":[],"publishpress_future_action":{"enabled":false,"date":"2026-04-28 08:41:23","action":"change-status","newStatus":"draft","terms":[],"taxonomy":"","extraData":[]},"publishpress_future_workflow_manual_trigger":{"enabledWorkflows":[]},"_links":{"self":[{"href":"https:\/\/nods.ch\/de\/wp-json\/wp\/v2\/pages\/4514","targetHints":{"allow":["GET"]}}],"collection":[{"href":"https:\/\/nods.ch\/de\/wp-json\/wp\/v2\/pages"}],"about":[{"href":"https:\/\/nods.ch\/de\/wp-json\/wp\/v2\/types\/page"}],"author":[{"embeddable":true,"href":"https:\/\/nods.ch\/de\/wp-json\/wp\/v2\/users\/1"}],"replies":[{"embeddable":true,"href":"https:\/\/nods.ch\/de\/wp-json\/wp\/v2\/comments?post=4514"}],"version-history":[{"count":54,"href":"https:\/\/nods.ch\/de\/wp-json\/wp\/v2\/pages\/4514\/revisions"}],"predecessor-version":[{"id":6348,"href":"https:\/\/nods.ch\/de\/wp-json\/wp\/v2\/pages\/4514\/revisions\/6348"}],"wp:attachment":[{"href":"https:\/\/nods.ch\/de\/wp-json\/wp\/v2\/media?parent=4514"}],"curies":[{"name":"wp","href":"https:\/\/api.w.org\/{rel}","templated":true}]}}