{"id":4194,"date":"2021-01-28T09:58:52","date_gmt":"2021-01-28T08:58:52","guid":{"rendered":"https:\/\/nods.ch\/?page_id=4194"},"modified":"2025-09-01T07:18:46","modified_gmt":"2025-09-01T05:18:46","slug":"informations","status":"publish","type":"page","link":"https:\/\/nods.ch\/de\/informations\/","title":{"rendered":"Informations pratiques"},"content":{"rendered":"<div class=\"wpb-content-wrapper\"><div id=\"lp_nods_slider\" class=\"vc_row wpb_row vc_row-fluid vc_custom_1612280555510 vc_row-has-fill vc_row-o-content-middle vc_row-flex\"><div class=\"wpb_column vc_column_container vc_col-sm-12\"><div class=\"vc_column-inner vc_custom_1614876088030\"><div class=\"wpb_wrapper\">\n\t<div class=\"wpb_text_column wpb_content_element vc_custom_1612179110651\" >\n\t\t<div class=\"wpb_wrapper\">\n\t\t\t<p><strong><div class=\"vc_row wpb_row vc_row-fluid vc_custom_1612173313158\"><div class=\"wpb_column vc_column_container vc_col-sm-12\"><div class=\"vc_column-inner vc_custom_1611760999808\"><div class=\"wpb_wrapper\">\n\t\t\t\t<p class=\"rs-p-wp-fix\"><\/p>\n\t\t\t\t<sr7-module data-alias=\"nods-small-2-1\" data-id=\"44\" id=\"woodmart-main-slider\" data-version=\"6.7.51\">\n\t\t\t\t\t<sr7-adjuster><\/sr7-adjuster>\n\t\t\t\t\t<sr7-content>\n\t\t\t\t\t\t<sr7-slide id=\"woodmart-main-slider-98\" data-key=\"98\">\n\t\t\t\t\t\t<\/sr7-slide>\n\t\t\t\t\t\t<sr7-slide id=\"woodmart-main-slider-124\" data-key=\"124\">\n\t\t\t\t\t\t<\/sr7-slide>\n\t\t\t\t\t<\/sr7-content>\n\t\t\t\t<\/sr7-module>\n\t\t\t\t<script>\n\t\t\t\t\twindow.SR7 ??={};SR7.PMH ??={}; SR7.PMH[\"woodmart-main-slider\"] = {cn:100,state:false,fn: function() { if (window._tpt!==undefined && window._tpt.prepareModuleHeight !== undefined) {  _tpt.prepareModuleHeight({id:\"woodmart-main-slider\",el:[195,476,500,500],type:'standard',shdw:'0',gh:[195,195,195,195],gw:[1240,1024,778,778],vpt:['20%'],size:{fullWidth:true, fullHeight:true},offsetContainer:'',offset:'',mh:'0',onh:0,onw:0,bg:{color:'rgba(255, 255, 255, 0)'},plType:'0',plColor:'#FFFFFF'});   SR7.PMH[\"woodmart-main-slider\"].state=true;} else if(SR7.PMH[\"woodmart-main-slider\"].cn-->0)\tsetTimeout( SR7.PMH[\"woodmart-main-slider\"].fn,19);}};SR7.PMH[\"woodmart-main-slider\" ].fn();\n\t\t\t\t<\/script>\n<\/div><\/div><\/div><\/div><style data-type=\"vc_shortcodes-custom-css\">.vc_custom_1612173313158{margin-top: -120px !important;margin-bottom: 0px !important;padding-top: 0px !important;padding-bottom: 0px !important;}.vc_custom_1611760999808{margin-top: 0px !important;margin-bottom: 0px !important;padding-top: 0px !important;padding-bottom: 0px !important;}<\/style><\/strong><\/p>\n\n\t\t<\/div>\n\t<\/div>\n\n\t<div class=\"wpb_text_column wpb_content_element\" >\n\t\t<div class=\"wpb_wrapper\">\n\t\t\t\n\t\t<\/div>\n\t<\/div>\n<\/div><\/div><\/div><\/div><section class=\"vc_section\"><\/section><div data-vc-full-width=\"true\" data-vc-full-width-temp=\"true\" data-vc-full-width-init=\"false\" class=\"vc_row wpb_row vc_row-fluid lp_first_row vc_row-o-content-middle vc_row-flex woodmart-bg-center-center\"><div class=\"wpb_column vc_column_container vc_col-sm-12\"><div class=\"vc_column-inner\"><div class=\"wpb_wrapper\"><div class=\"vc_empty_space lp_home_slider_empty\"   style=\"height: 620px\"><span class=\"vc_empty_space_inner\"><\/span><\/div>\r\n\t\t<div id=\"wd-60128da9351b3\" class=\"title-wrapper  woodmart-title-color-primary woodmart-title-style-default woodmart-title-width-100 text-left woodmart-title-size-large \">\r\n\t\t\t\r\n\t\t\t<div class=\"liner-continer\">\r\n\t\t\t\t<span class=\"left-line\"><\/span>\r\n\t\t\t\t<h3 class=\"woodmart-title-container title  woodmart-font-weight-500\" >Informations pratiques<\/h3>\t\t\t\t\t\t\t\t<span class=\"right-line\"><\/span>\r\n\t\t\t<\/div>\r\n\t\t\t\r\n\t\t\t\r\n\t\t\t\t\t<\/div>\r\n\t\t\r\n\t\t<div class=\"vc_empty_space\"   style=\"height: 70px\"><span class=\"vc_empty_space_inner\"><\/span><\/div><div class=\"vc_row wpb_row vc_inner vc_row-fluid\"><div class=\"wpb_column vc_column_container vc_col-sm-12\"><div class=\"vc_column-inner\"><div class=\"wpb_wrapper\">\r\n\t\t<div id=\"wd-650453e68f2f9\" class=\"title-wrapper  woodmart-title-color-default woodmart-title-style-default woodmart-title-width-100 text-left woodmart-title-size-default \">\r\n\t\t\t\r\n\t\t\t<div class=\"liner-continer\">\r\n\t\t\t\t<span class=\"left-line\"><\/span>\r\n\t\t\t\t<h4 class=\"woodmart-title-container title  woodmart-font-weight-\" >ELECTIONS - TOUT EST POLITIQUE<\/h4>\t\t\t\t\t\t\t\t<span class=\"right-line\"><\/span>\r\n\t\t\t<\/div>\r\n\t\t\t\r\n\t\t\t\r\n\t\t\t\t\t<\/div>\r\n\t\t\r\n\t\t<div id=\"wd-65045875e1182\" class=\"woodmart-button-wrapper text-left\"><a href=\"https:\/\/www.easyvote.ch\/fr\" title=\"\" target=\"_blank\" class=\"btn btn-color-primary btn-style-default btn-shape-rectangle btn-size-large\">Site web de easyvote<\/a><\/div><div class=\"vc_empty_space\"   style=\"height: 70px\"><span class=\"vc_empty_space_inner\"><\/span><\/div><\/div><\/div><\/div><div class=\"wpb_column vc_column_container vc_col-sm-12\"><div class=\"vc_column-inner vc_custom_1611839002609\"><div class=\"wpb_wrapper\"><div class=\"vc_empty_space\"   style=\"height: 32px\"><span class=\"vc_empty_space_inner\"><\/span><\/div>\r\n\t\t<div id=\"wd-60128dcc629d2\" class=\"title-wrapper  woodmart-title-color-primary woodmart-title-style-default woodmart-title-width-100 text-left woodmart-title-size-medium \">\r\n\t\t\t\r\n\t\t\t<div class=\"liner-continer\">\r\n\t\t\t\t<span class=\"left-line\"><\/span>\r\n\t\t\t\t<h3 class=\"woodmart-title-container title  woodmart-font-weight-500\" >Bibliobus<\/h3>\t\t\t\t\t\t\t\t<span class=\"right-line\"><\/span>\r\n\t\t\t<\/div>\r\n\t\t\t\r\n\t\t\t\r\n\t\t\t\t\t<\/div>\r\n\t\t\r\n\t\t<div id=\"wd-6046783a3d848\" class=\"woodmart-button-wrapper text-left\"><a href=\"https:\/\/www.bibliobus.ch\/fr\/Horaires\/Horaire-par-localite.html?c=Nods\" title=\"\" target=\"_blank\" class=\"btn btn-color-primary btn-style-default btn-shape-rectangle btn-size-large\">Site web du Bibliobus<\/a><\/div><div class=\"vc_empty_space\"   style=\"height: 70px\"><span class=\"vc_empty_space_inner\"><\/span><\/div><\/div><\/div><\/div><\/div><div class=\"vc_row wpb_row vc_inner vc_row-fluid\"><div class=\"wpb_column vc_column_container vc_col-sm-12\"><div class=\"vc_column-inner\"><div class=\"wpb_wrapper\">\n\t<div  class=\"wpb_single_image wpb_content_element vc_align_left\">\n\t\t\n\t\t<figure class=\"wpb_wrapper vc_figure\">\n\t\t\t<div class=\"vc_single_image-wrapper   vc_box_border_grey\"><img loading=\"lazy\" decoding=\"async\" width=\"300\" height=\"35\" src=\"https:\/\/nods.ch\/wp-content\/uploads\/2025\/09\/logo_e-demenagement-300x35.png\" class=\"vc_single_image-img attachment-medium\" alt=\"\" title=\"logo_e-demenagement\" srcset=\"https:\/\/nods.ch\/wp-content\/uploads\/2025\/09\/logo_e-demenagement-300x35.png 300w, https:\/\/nods.ch\/wp-content\/uploads\/2025\/09\/logo_e-demenagement-1024x118.png 1024w, https:\/\/nods.ch\/wp-content\/uploads\/2025\/09\/logo_e-demenagement-768x89.png 768w, https:\/\/nods.ch\/wp-content\/uploads\/2025\/09\/logo_e-demenagement-1536x178.png 1536w, https:\/\/nods.ch\/wp-content\/uploads\/2025\/09\/logo_e-demenagement-18x2.png 18w, https:\/\/nods.ch\/wp-content\/uploads\/2025\/09\/logo_e-demenagement.png 1979w\" sizes=\"auto, (max-width: 300px) 100vw, 300px\" \/><\/div>\n\t\t<\/figure>\n\t<\/div>\n\r\n\t\t<div id=\"wd-68b52ca46d786\" class=\"title-wrapper  woodmart-title-color-primary woodmart-title-style-default woodmart-title-width-100 text-left woodmart-title-size-custom \">\r\n\t\t\t\r\n\t\t\t<div class=\"liner-continer\">\r\n\t\t\t\t<span class=\"left-line\"><\/span>\r\n\t\t\t\t<h3 class=\"woodmart-title-container title  woodmart-font-weight-500\" >D\u00e9m\u00e9nagement<\/h3>\t\t\t\t\t\t\t\t<span class=\"right-line\"><\/span>\r\n\t\t\t<\/div>\r\n\t\t\t\r\n\t\t\t\t\t\t\t<div class=\"title-after_title\">eD\u00e9m\u00e9nagementCH permet aux particuliers domicili\u00e9s en Suisse d\u2019effectuer l\u2019enregistrement obligatoire de leur d\u00e9m\u00e9nagement.<\/div>\r\n\t\t\t\r\n\t\t\t\t\t<\/div>\r\n\t\t\r\n\t\t<div id=\"wd-68b52af560c88\" class=\"woodmart-button-wrapper text-left\"><a href=\"https:\/\/www.eumzug.swiss\/eumzugngx\/global\" title=\"\" target=\"_blank\" class=\"btn btn-color-primary btn-style-default btn-shape-rectangle btn-size-large\">Signalez votre d\u00e9m\u00e9nagement<\/a><\/div><div class=\"vc_empty_space\"   style=\"height: 70px\"><span class=\"vc_empty_space_inner\"><\/span><\/div><\/div><\/div><\/div><\/div><\/div><\/div><\/div><\/div><div class=\"vc_row-full-width vc_clearfix\"><\/div><div data-vc-full-width=\"true\" data-vc-full-width-temp=\"true\" data-vc-full-width-init=\"false\" class=\"vc_row wpb_row vc_row-fluid vc_custom_1612274216803\"><div class=\"wpb_column vc_column_container vc_col-sm-12\"><div class=\"vc_column-inner\"><div class=\"wpb_wrapper\">\r\n\t\t<div id=\"wd-601295cbf2733\" class=\"title-wrapper  woodmart-title-color-primary woodmart-title-style-default woodmart-title-width-100 text-left woodmart-title-size-medium \">\r\n\t\t\t\r\n\t\t\t<div class=\"liner-continer\">\r\n\t\t\t\t<span class=\"left-line\"><\/span>\r\n\t\t\t\t<h3 class=\"woodmart-title-container title  woodmart-font-weight-500\" >Imp\u00f4ts<\/h3>\t\t\t\t\t\t\t\t<span class=\"right-line\"><\/span>\r\n\t\t\t<\/div>\r\n\t\t\t\r\n\t\t\t\r\n\t\t\t\t\t<\/div>\r\n\t\t\r\n\t\t<div class=\"vc_row wpb_row vc_inner vc_row-fluid vc_custom_1612273995135\"><div class=\"wpb_column vc_column_container vc_col-sm-8\"><div class=\"vc_column-inner\"><div class=\"wpb_wrapper\">\r\n\t\t<div id=\"wd-60129733e9b47\" class=\"title-wrapper  woodmart-title-color-primary woodmart-title-style-default woodmart-title-width-100 text-left woodmart-title-size-custom \">\r\n\t\t\t\r\n\t\t\t<div class=\"liner-continer\">\r\n\t\t\t\t<span class=\"left-line\"><\/span>\r\n\t\t\t\t<h3 class=\"woodmart-title-container title  woodmart-font-weight-500\" >Imp\u00f4ts avec TaxMe<\/h3>\t\t\t\t\t\t\t\t<span class=\"right-line\"><\/span>\r\n\t\t\t<\/div>\r\n\t\t\t\r\n\t\t\t\t\t\t\t<div class=\"title-after_title\">TaxMe online avec BE-Login vous offre de nombreux avantages. Dans l\u2019espace Imp\u00f4ts de BE-Login, vous pouvez remplir votre d\u00e9claration d\u2019imp\u00f4t en ligne et t\u00e9l\u00e9verser les justificatifs, ce qui permet de d\u00e9poser votre d\u00e9claration sans papier. Le transfert est crypt\u00e9. Les donn\u00e9es ne sont visibles par l\u2019Intendance des imp\u00f4ts qu\u2019une fois que vous les avez valid\u00e9es.<\/div>\r\n\t\t\t\r\n\t\t\t\t\t<\/div>\r\n\t\t\r\n\t\t<\/div><\/div><\/div><div class=\"wpb_column vc_column_container vc_col-sm-4 vc_hidden-xs text-left\"><div class=\"vc_column-inner vc_custom_1615302753141\"><div class=\"wpb_wrapper\"><div id=\"wd-6047900dcd04e\" class=\"woodmart-button-wrapper text-center\"><a href=\"https:\/\/nods.ch\/wp-content\/uploads\/2021\/01\/TaxeMe_online_livret.pdf\" title=\"\" target=\"_blank\" class=\"btn btn-color-primary btn-style-default btn-shape-rectangle btn-size-large btn-full-width\">Documentation TaxMe Online<\/a><\/div><div class=\"vc_empty_space\"   style=\"height: 15px\"><span class=\"vc_empty_space_inner\"><\/span><\/div><div id=\"wd-60195992ab9f4\" class=\"woodmart-button-wrapper text-center\"><a href=\"https:\/\/www.belogin.directories.be.ch\/taxme-npo\/login\/steklogin.jsf\" title=\"\" target=\"_blank\" class=\"btn btn-color-alt btn-style-default btn-shape-rectangle btn-size-large btn-full-width\">TaxMe Online<\/a><\/div><div class=\"vc_empty_space\"   style=\"height: 15px\"><span class=\"vc_empty_space_inner\"><\/span><\/div><div id=\"wd-6019599600207\" class=\"woodmart-button-wrapper text-center\"><a href=\"https:\/\/www.sv.fin.be.ch\/sv_fin\/fr\/index\/navi\/index\/quellensteuer.html\" title=\"\" target=\"_blank\" class=\"btn btn-color-primary btn-style-default btn-shape-rectangle btn-size-large btn-full-width\">Imp\u00f4ts \u00e0 la source<\/a><\/div><div class=\"vc_empty_space\"   style=\"height: 15px\"><span class=\"vc_empty_space_inner\"><\/span><\/div><div id=\"wd-6019598ecc384\" class=\"woodmart-button-wrapper text-center\"><a href=\"https:\/\/www.sv.fin.be.ch\/sv_fin\/fr\/index\/navi\/index\/steuern_berechnen.html\" title=\"\" target=\"_blank\" class=\"btn btn-color-alt btn-style-default btn-shape-rectangle btn-size-large btn-full-width\">Calculateur d&#039;imp\u00f4ts<\/a><\/div><\/div><\/div><\/div><\/div><div class=\"vc_row wpb_row vc_inner vc_row-fluid vc_custom_1612273995135\"><div class=\"wpb_column vc_column_container vc_col-sm-12 vc_hidden-lg vc_hidden-md vc_hidden-sm\"><div class=\"vc_column-inner\"><div class=\"wpb_wrapper\"><div id=\"wd-6047900dcd04e\" class=\"woodmart-button-wrapper text-center\"><a href=\"https:\/\/nods.ch\/wp-content\/uploads\/2021\/01\/TaxeMe_online_livret.pdf\" title=\"\" target=\"_blank\" class=\"btn btn-color-primary btn-style-default btn-shape-rectangle btn-size-large btn-full-width\">Documentation TaxMe Online<\/a><\/div><div class=\"vc_empty_space\"   style=\"height: 15px\"><span class=\"vc_empty_space_inner\"><\/span><\/div><div id=\"wd-60195992ab9f4\" class=\"woodmart-button-wrapper text-center\"><a href=\"https:\/\/www.belogin.directories.be.ch\/taxme-npo\/login\/steklogin.jsf\" title=\"\" target=\"_blank\" class=\"btn btn-color-alt btn-style-default btn-shape-rectangle btn-size-large btn-full-width\">TaxMe Online<\/a><\/div><div class=\"vc_empty_space\"   style=\"height: 15px\"><span class=\"vc_empty_space_inner\"><\/span><\/div><div id=\"wd-6019599600207\" class=\"woodmart-button-wrapper text-center\"><a href=\"https:\/\/www.sv.fin.be.ch\/sv_fin\/fr\/index\/navi\/index\/quellensteuer.html\" title=\"\" target=\"_blank\" class=\"btn btn-color-primary btn-style-default btn-shape-rectangle btn-size-large btn-full-width\">Imp\u00f4ts \u00e0 la source<\/a><\/div><div class=\"vc_empty_space\"   style=\"height: 15px\"><span class=\"vc_empty_space_inner\"><\/span><\/div><div id=\"wd-6019598ecc384\" class=\"woodmart-button-wrapper text-center\"><a href=\"https:\/\/www.sv.fin.be.ch\/sv_fin\/fr\/index\/navi\/index\/steuern_berechnen.html\" title=\"\" target=\"_blank\" class=\"btn btn-color-alt btn-style-default btn-shape-rectangle btn-size-large btn-full-width\">Calculateur d&#039;imp\u00f4ts<\/a><\/div><\/div><\/div><\/div><\/div><div class=\"vc_empty_space\"   style=\"height: 60px\"><span class=\"vc_empty_space_inner\"><\/span><\/div><\/div><\/div><\/div><\/div><div class=\"vc_row-full-width vc_clearfix\"><\/div><div data-vc-full-width=\"true\" data-vc-full-width-temp=\"true\" data-vc-full-width-init=\"false\" class=\"vc_row wpb_row vc_row-fluid vc_custom_1613464424197 vc_row-has-fill\"><div class=\"wpb_column vc_column_container vc_col-sm-12\"><div class=\"vc_column-inner\"><div class=\"wpb_wrapper\">\r\n\t\t<div id=\"wd-60128f0f38de8\" class=\"title-wrapper  woodmart-title-color-primary woodmart-title-style-default woodmart-title-width-100 text-left woodmart-title-size-medium \">\r\n\t\t\t\r\n\t\t\t<div class=\"liner-continer\">\r\n\t\t\t\t<span class=\"left-line\"><\/span>\r\n\t\t\t\t<h3 class=\"woodmart-title-container title  woodmart-font-weight-500\" >Construction<\/h3>\t\t\t\t\t\t\t\t<span class=\"right-line\"><\/span>\r\n\t\t\t<\/div>\r\n\t\t\t\r\n\t\t\t\r\n\t\t\t\t\t<\/div>\r\n\t\t\r\n\t\t\n\t<div class=\"wpb_text_column wpb_content_element vc_custom_1685698571087\" >\n\t\t<div class=\"wpb_wrapper\">\n\t\t\t<p><a href=\"https:\/\/nods.ch\/officiel\/#reglements\" target=\"_blank\" rel=\"noopener\"><strong>R\u00e8glement de construction de Nods<\/strong><\/a><\/p>\n<p>Vous pouvez trouver \u00e9galement toute information utile concernant votre parcelle sur <a href=\"https:\/\/nods.ch\/wp-content\/uploads\/2023\/06\/Information-relatives-au-cadastre-RDPPF.pdf\">ce document<\/a> et <a href=\"https:\/\/www.geojb.ch\/.\"><span style=\"color: #0000ff;\">geojb.ch<\/span><\/a><\/p>\n\n\t\t<\/div>\n\t<\/div>\n<\/div><\/div><\/div><\/div><div class=\"vc_row-full-width vc_clearfix\"><\/div><div data-vc-full-width=\"true\" data-vc-full-width-temp=\"true\" data-vc-full-width-init=\"false\" class=\"vc_row wpb_row vc_row-fluid vc_custom_1613464692512 vc_row-has-fill\"><div class=\"wpb_column vc_column_container vc_col-sm-6\"><div class=\"vc_column-inner\"><div class=\"wpb_wrapper\"><div id=\"wd-602b827c7af40\" class=\"woodmart-button-wrapper text-left\"><a href=\"https:\/\/www.jgk.be.ch\/jgk\/fr\/index\/baubewilligungen\/baubewilligungen\/baugesuchsformulare\/formularbaugesuchsteller.html\" title=\"\" target=\"_blank\" class=\"btn btn-color-primary btn-style-default btn-shape-rectangle btn-size-large\">Informations compl\u00e9mentaires<\/a><\/div><div class=\"vc_empty_space\"   style=\"height: 15px\"><span class=\"vc_empty_space_inner\"><\/span><\/div><div id=\"wd-602b82ecad8ef\" class=\"woodmart-button-wrapper text-left\"><a href=\"https:\/\/sso.be.ch\/auth\/realms\/ebau\/protocol\/openid-connect\/auth?client_id=portal&redirect_uri=https:\/\/www.portal.ebau.apps.be.ch\/login&response_type=code&state=b47ea0b2-d14b-4f32-98c5-ffdc8c6f9326&scope=openid\" title=\"\" target=\"_blank\" class=\"btn btn-color-alt btn-style-default btn-shape-rectangle btn-size-large\">Permis de construction en ligne<\/a><\/div><div class=\"vc_empty_space\"   style=\"height: 60px\"><span class=\"vc_empty_space_inner\"><\/span><\/div><\/div><\/div><\/div><div class=\"wpb_column vc_column_container vc_col-sm-6\"><div class=\"vc_column-inner\"><div class=\"wpb_wrapper\"><\/div><\/div><\/div><\/div><div class=\"vc_row-full-width vc_clearfix\"><\/div><div id=\"electricite\" data-vc-full-width=\"true\" data-vc-full-width-temp=\"true\" data-vc-full-width-init=\"false\" class=\"vc_row wpb_row vc_row-fluid vc_custom_1614885982031\"><div class=\"wpb_column vc_column_container vc_col-sm-12\"><div class=\"vc_column-inner\"><div class=\"wpb_wrapper\"><div class=\"vc_empty_space\"   style=\"height: 60px\"><span class=\"vc_empty_space_inner\"><\/span><\/div><div class=\"vc_row wpb_row vc_inner vc_row-fluid\"><div class=\"wpb_column vc_column_container vc_col-sm-2\"><div class=\"vc_column-inner\"><div class=\"wpb_wrapper\">\n\t<div  class=\"wpb_single_image wpb_content_element vc_align_left\">\n\t\t\n\t\t<figure class=\"wpb_wrapper vc_figure\">\n\t\t\t<div class=\"vc_single_image-wrapper   vc_box_border_grey\"><img loading=\"lazy\" decoding=\"async\" width=\"300\" height=\"174\" src=\"https:\/\/nods.ch\/wp-content\/uploads\/2021\/03\/logo-svn-300x174.jpg\" class=\"vc_single_image-img attachment-medium\" alt=\"\" title=\"logo-svn\" srcset=\"https:\/\/nods.ch\/wp-content\/uploads\/2021\/03\/logo-svn-300x174.jpg 300w, https:\/\/nods.ch\/wp-content\/uploads\/2021\/03\/logo-svn-16x9.jpg 16w, https:\/\/nods.ch\/wp-content\/uploads\/2021\/03\/logo-svn.jpg 414w\" sizes=\"auto, (max-width: 300px) 100vw, 300px\" \/><\/div>\n\t\t<\/figure>\n\t<\/div>\n<\/div><\/div><\/div><div class=\"wpb_column vc_column_container vc_col-sm-10\"><div class=\"vc_column-inner vc_custom_1612273989856\"><div class=\"wpb_wrapper\">\r\n\t\t<div id=\"wd-604133cec94a5\" class=\"title-wrapper  woodmart-title-color-primary woodmart-title-style-default woodmart-title-width-100 text-left woodmart-title-size-medium \">\r\n\t\t\t\r\n\t\t\t<div class=\"liner-continer\">\r\n\t\t\t\t<span class=\"left-line\"><\/span>\r\n\t\t\t\t<h3 class=\"woodmart-title-container title  woodmart-font-weight-500\" >Distribution d\u2019\u00e9nergie \u00e9lectrique et d'eau<\/h3>\t\t\t\t\t\t\t\t<span class=\"right-line\"><\/span>\r\n\t\t\t<\/div>\r\n\t\t\t\r\n\t\t\t\r\n\t\t\t\t\t<\/div>\r\n\t\t\r\n\t\t\r\n\t\t<div id=\"wd-604133e14e341\" class=\"title-wrapper  woodmart-title-color-primary woodmart-title-style-default woodmart-title-width-100 text-left woodmart-title-size-custom \">\r\n\t\t\t\r\n\t\t\t<div class=\"liner-continer\">\r\n\t\t\t\t<span class=\"left-line\"><\/span>\r\n\t\t\t\t<h3 class=\"woodmart-title-container title  woodmart-font-weight-500\" >Votre partenaire local<\/h3>\t\t\t\t\t\t\t\t<span class=\"right-line\"><\/span>\r\n\t\t\t<\/div>\r\n\t\t\t\r\n\t\t\t\t\t\t\t<div class=\"title-after_title\">Les Services industriels de Nods ont pour mission d\u2019assumer l\u2019approvisionnement de la population en \u00e9nergie \u00e9lectrique et sont en charge de l\u2019\u00e9clairage public.<\/div>\r\n\t\t\t\r\n\t\t\t\t\t<\/div>\r\n\t\t\r\n\t\t<\/div><\/div><\/div><\/div><div class=\"vc_row wpb_row vc_inner vc_row-fluid\"><div class=\"wpb_column vc_column_container vc_col-sm-4\"><div class=\"vc_column-inner\"><div class=\"wpb_wrapper\"><div class=\"vc_empty_space\"   style=\"height: 15px\"><span class=\"vc_empty_space_inner\"><\/span><\/div><div id=\"wd-60413645f1b2d\" class=\"woodmart-button-wrapper text-center\"><a href=\"https:\/\/sen.nods.ch\/\" title=\"\" target=\"_blank\" class=\"btn btn-color-alt btn-style-default btn-shape-rectangle btn-size-large btn-full-width\">Services industriels<\/a><\/div><div class=\"vc_empty_space\"   style=\"height: 15px\"><span class=\"vc_empty_space_inner\"><\/span><\/div><div class=\"vc_empty_space\"   style=\"height: 15px\"><span class=\"vc_empty_space_inner\"><\/span><\/div><\/div><\/div><\/div><div class=\"wpb_column vc_column_container vc_col-sm-8\"><div class=\"vc_column-inner vc_custom_1612273989856\"><div class=\"wpb_wrapper\"><\/div><\/div><\/div><\/div>\r\n\t\t<div class=\"woodmart-list color-scheme- woodmart-text-size-default woodmart-list-type-without woodmart-list-style-default \" id=\"wd-678fbc9fdb778\">\r\n\t\t\t<ul>\r\n\t\t\t\t\t\t\t\t\t\t\t\t\t\t<li>\r\n\t\t\t\t\t\t\t\t\t\t\t\t<span class=\"list-content\"><a target=\"_blank\" href=\"https:\/\/nods.ch\/wp-content\/uploads\/2021\/01\/ordonnace_du_conseil_communal_sur_les_tarifs_de_l_assainissement.pdf\">Ordonnance du conseil communal sur les tarifs de l'assainissement<\/a><\/span>\r\n\t\t\t\t\t<\/li>\r\n\t\t\t\t\t\t\t\t\t\t\t\t\t\t<li>\r\n\t\t\t\t\t\t\t\t\t\t\t\t<span class=\"list-content\"><a target=\"_blank\" href=\"https:\/\/nods.ch\/wp-content\/uploads\/2024\/12\/Ordonnance-fixant-les-tarifs-de-reprise-de-lenergie-des-installations-de-production-delectricite-et-les-frais-lies-aux-installations-de-production.pdf\">Ordonnance\nfixant les tarifs de reprise de l\u2019\u00e9nergie des installations de production d\u2019\u00e9lectricit\u00e9 et les frais li\u00e9s aux installations de production d\u00e8s le 1er janvier 2025<\/a><\/span>\r\n\t\t\t\t\t<\/li>\r\n\t\t\t\t\t\t\t\t\t\t\t\t\t\t<li>\r\n\t\t\t\t\t\t\t\t\t\t\t\t<span class=\"list-content\"><a target=\"_blank\" href=\"https:\/\/nods.ch\/wp-content\/uploads\/2021\/01\/ordonnance_sur_les_taxes_annuelles_et_prelevements_d_eau_non_mesures.pdf\">Ordonnance sur les taxes annuelles et pr\u00e9l\u00e8vements d'eau non mesur\u00e9s<\/a><\/span>\r\n\t\t\t\t\t<\/li>\r\n\t\t\t\t\t\t\t\t\t\t\t\t\t\t<li>\r\n\t\t\t\t\t\t\t\t\t\t\t\t<span class=\"list-content\"><a target=\"_blank\" href=\"https:\/\/nods.ch\/wp-content\/uploads\/2023\/09\/01-Communique_de_presse_Prix-2024_version_finale.pdf\">Communiqu\u00e9 de presse Prix 2024 version finale<\/a><\/span>\r\n\t\t\t\t\t<\/li>\r\n\t\t\t\t\t\t\t\t\t\t\t\t\t\t<li>\r\n\t\t\t\t\t\t\t\t\t\t\t\t<span class=\"list-content\"><a target=\"_blank\" href=\"https:\/\/nods.ch\/wp-content\/uploads\/2025\/01\/RSN-5.54.19-Ordonnance-sur-les-tarifs-electriques-2025.pdf\">Ordonnance sur les tarifs \u00e9lectriques 2025<\/a><\/span>\r\n\t\t\t\t\t<\/li>\r\n\t\t\t\t\t\t\t<\/ul>\r\n\t\t\t\t\t<\/div>\r\n\t\t\r\n\t\t<div class=\"vc_empty_space\"   style=\"height: 60px\"><span class=\"vc_empty_space_inner\"><\/span><\/div><\/div><\/div><\/div><\/div><div class=\"vc_row-full-width vc_clearfix\"><\/div><div data-vc-full-width=\"true\" data-vc-full-width-temp=\"true\" data-vc-full-width-init=\"false\" class=\"vc_row wpb_row vc_row-fluid vc_custom_1682361082473 vc_row-has-fill\"><div class=\"wpb_column vc_column_container vc_col-sm-6\"><div class=\"vc_column-inner\"><div class=\"wpb_wrapper\">\r\n\t\t<div id=\"wd-6439519a39987\" class=\"title-wrapper  woodmart-title-color-primary woodmart-title-style-default woodmart-title-width-100 text-left woodmart-title-size-medium \">\r\n\t\t\t\r\n\t\t\t<div class=\"liner-continer\">\r\n\t\t\t\t<span class=\"left-line\"><\/span>\r\n\t\t\t\t<h4 class=\"woodmart-title-container title  woodmart-font-weight-500\" >Pompiers Plateau<\/h4>\t\t\t\t\t\t\t\t<span class=\"right-line\"><\/span>\r\n\t\t\t<\/div>\r\n\t\t\t\r\n\t\t\t\r\n\t\t\t\t\t<\/div>\r\n\t\t\r\n\t\t<div id=\"wd-6446a21d14abb\" class=\"woodmart-button-wrapper text-left\"><a href=\"http:\/\/www.spplateau.ch\/\" title=\"\" class=\"btn btn-color-primary btn-style-default btn-shape-rectangle btn-size-default\">www.spplateau.ch<\/a><\/div><div class=\"vc_empty_space\"   style=\"height: 60px\"><span class=\"vc_empty_space_inner\"><\/span><\/div><\/div><\/div><\/div><\/div><div class=\"vc_row-full-width vc_clearfix\"><\/div>\n<\/div>","protected":false},"excerpt":{"rendered":"Informations pratiques ELECTIONS - TOUT EST POLITIQUE Site web de easyvote Bibliobus Site web du Bibliobus D\u00e9m\u00e9nagement eD\u00e9m\u00e9nagementCH permet aux","protected":false},"author":1,"featured_media":0,"parent":0,"menu_order":0,"comment_status":"closed","ping_status":"closed","template":"","meta":{"_acf_changed":false,"footnotes":""},"class_list":["post-4194","page","type-page","status-publish","hentry"],"acf":[],"publishpress_future_action":{"enabled":false,"date":"2026-04-22 04:25:53","action":"change-status","newStatus":"draft","terms":[],"taxonomy":"","extraData":[]},"publishpress_future_workflow_manual_trigger":{"enabledWorkflows":[]},"_links":{"self":[{"href":"https:\/\/nods.ch\/de\/wp-json\/wp\/v2\/pages\/4194","targetHints":{"allow":["GET"]}}],"collection":[{"href":"https:\/\/nods.ch\/de\/wp-json\/wp\/v2\/pages"}],"about":[{"href":"https:\/\/nods.ch\/de\/wp-json\/wp\/v2\/types\/page"}],"author":[{"embeddable":true,"href":"https:\/\/nods.ch\/de\/wp-json\/wp\/v2\/users\/1"}],"replies":[{"embeddable":true,"href":"https:\/\/nods.ch\/de\/wp-json\/wp\/v2\/comments?post=4194"}],"version-history":[{"count":122,"href":"https:\/\/nods.ch\/de\/wp-json\/wp\/v2\/pages\/4194\/revisions"}],"predecessor-version":[{"id":6258,"href":"https:\/\/nods.ch\/de\/wp-json\/wp\/v2\/pages\/4194\/revisions\/6258"}],"wp:attachment":[{"href":"https:\/\/nods.ch\/de\/wp-json\/wp\/v2\/media?parent=4194"}],"curies":[{"name":"wp","href":"https:\/\/api.w.org\/{rel}","templated":true}]}}