{"id":4013,"date":"2021-01-27T10:07:39","date_gmt":"2021-01-27T09:07:39","guid":{"rendered":"https:\/\/nods.ch\/?page_id=4013"},"modified":"2025-01-08T15:21:25","modified_gmt":"2025-01-08T14:21:25","slug":"tourisme","status":"publish","type":"page","link":"https:\/\/nods.ch\/de\/tourisme\/","title":{"rendered":"Tourisme"},"content":{"rendered":"<div class=\"wpb-content-wrapper\"><div id=\"lp_nods_slider\" class=\"vc_row wpb_row vc_row-fluid vc_custom_1612280497175 vc_row-has-fill vc_row-o-content-middle vc_row-flex\"><div class=\"wpb_column vc_column_container vc_col-sm-12\"><div class=\"vc_column-inner vc_custom_1614876060356\"><div class=\"wpb_wrapper\">\n\t<div class=\"wpb_text_column wpb_content_element vc_custom_1612178283395\" >\n\t\t<div class=\"wpb_wrapper\">\n\t\t\t<p><strong><div class=\"vc_row wpb_row vc_row-fluid vc_custom_1612173313158\"><div class=\"wpb_column vc_column_container vc_col-sm-12\"><div class=\"vc_column-inner vc_custom_1611760999808\"><div class=\"wpb_wrapper\">\n\t\t\t\t<p class=\"rs-p-wp-fix\"><\/p>\n\t\t\t\t<sr7-module data-alias=\"nods-small-1\" data-id=\"43\" id=\"woodmart-main-slider\" data-version=\"6.7.51\">\n\t\t\t\t\t<sr7-adjuster><\/sr7-adjuster>\n\t\t\t\t\t<sr7-content>\n\t\t\t\t\t\t<sr7-slide id=\"woodmart-main-slider-97\" data-key=\"97\">\n\t\t\t\t\t\t<\/sr7-slide>\n\t\t\t\t\t\t<sr7-slide id=\"woodmart-main-slider-123\" data-key=\"123\">\n\t\t\t\t\t\t<\/sr7-slide>\n\t\t\t\t\t<\/sr7-content>\n\t\t\t\t<\/sr7-module>\n\t\t\t\t<script>\n\t\t\t\t\twindow.SR7 ??={};SR7.PMH ??={}; SR7.PMH[\"woodmart-main-slider\"] = {cn:100,state:false,fn: function() { if (window._tpt!==undefined && window._tpt.prepareModuleHeight !== undefined) {  _tpt.prepareModuleHeight({id:\"woodmart-main-slider\",el:[195,476,500,500],type:'standard',shdw:'0',gh:[195,195,195,195],gw:[1240,1024,778,778],vpt:['20%'],size:{fullWidth:true, fullHeight:true},offsetContainer:'',offset:'',mh:'0',onh:0,onw:0,bg:{color:'rgba(255, 255, 255, 0)'},plType:'0',plColor:'#FFFFFF'});   SR7.PMH[\"woodmart-main-slider\"].state=true;} else if(SR7.PMH[\"woodmart-main-slider\"].cn-->0)\tsetTimeout( SR7.PMH[\"woodmart-main-slider\"].fn,19);}};SR7.PMH[\"woodmart-main-slider\" ].fn();\n\t\t\t\t<\/script>\n<\/div><\/div><\/div><\/div><style data-type=\"vc_shortcodes-custom-css\">.vc_custom_1612173313158{margin-top: -120px !important;margin-bottom: 0px !important;padding-top: 0px !important;padding-bottom: 0px !important;}.vc_custom_1611760999808{margin-top: 0px !important;margin-bottom: 0px !important;padding-top: 0px !important;padding-bottom: 0px !important;}<\/style><\/strong><\/p>\n\n\t\t<\/div>\n\t<\/div>\n<\/div><\/div><\/div><\/div><div data-vc-full-width=\"true\" data-vc-full-width-temp=\"true\" data-vc-full-width-init=\"false\" class=\"vc_row wpb_row vc_row-fluid lp_first_row vc_custom_1611764516775 vc_row-has-fill vc_row-o-content-middle vc_row-flex woodmart-bg-center-center\"><div class=\"wpb_column vc_column_container vc_col-sm-12\"><div class=\"vc_column-inner\"><div class=\"wpb_wrapper\"><div class=\"vc_empty_space lp_home_slider_empty\"   style=\"height: 540px\"><span class=\"vc_empty_space_inner\"><\/span><\/div>\r\n\t\t<div id=\"wd-60112ca0ad965\" class=\"title-wrapper  woodmart-title-color-primary woodmart-title-style-default woodmart-title-width-100 text-left woodmart-title-size-large \">\r\n\t\t\t\r\n\t\t\t<div class=\"liner-continer\">\r\n\t\t\t\t<span class=\"left-line\"><\/span>\r\n\t\t\t\t<h3 class=\"woodmart-title-container title  woodmart-font-weight-500\" >Office du tourisme<\/h3>\t\t\t\t\t\t\t\t<span class=\"right-line\"><\/span>\r\n\t\t\t<\/div>\r\n\t\t\t\r\n\t\t\t\r\n\t\t\t\t\t<\/div>\r\n\t\t\r\n\t\t<\/div><\/div><\/div><\/div><div class=\"vc_row-full-width vc_clearfix\"><\/div><div data-vc-full-width=\"true\" data-vc-full-width-temp=\"true\" data-vc-full-width-init=\"false\" class=\"vc_row wpb_row vc_row-fluid lp_first_row vc_custom_1611839855765 vc_row-has-fill vc_row-o-content-middle vc_row-flex woodmart-bg-center-center row-reverse-mobile\"><div class=\"wpb_column vc_column_container vc_col-sm-6\"><div class=\"vc_column-inner\"><div class=\"wpb_wrapper\">\t\t\t<div class=\"info-box-wrapper \">\r\n\t\t\t\t<div id=\"wd-677e88fcd6182\" class=\" woodmart-info-box text-left box-icon-align-right box-style- color-scheme- woodmart-bg-none box-title-default \"  >\r\n\t\t\t\t\t\t\t\t\t\t<div class=\"info-box-content\">\r\n\t\t\t\t\t\t\t\t\t\t\t\t<div class=\"info-box-inner reset-mb-10\">\r\n\t\t\t\t\t\t\t<p>Grand Chasseral Tourisme<br \/>\nRue du March\u00e9 4<br \/>\n2520 La Neuveville<br \/>\nT\u00e9l. +41 (0)32 751 49 49<\/p>\n\t\t\t\t\t\t<\/div>\r\n\r\n\t\t\t\t\t\t\t\t\t\t\t\t\r\n\t\t\t\t\t<\/div>\r\n\r\n\t\t\t\t\t\t\t\t\t<\/div>\r\n\t\t\t<\/div>\r\n\t\t<div id=\"wd-677e8913dbd37\" class=\"woodmart-button-wrapper text-center inline-element\"><a href=\"mailto:info@gctourisme.ch\" title=\"\" class=\"btn btn-color-primary btn-style-default btn-shape-rectangle btn-size-large\">Contact<\/a><\/div><div id=\"wd-677e893d13ce8\" class=\"woodmart-button-wrapper text-center inline-element\"><a href=\"http:\/\/www.jurabernois.ch\" title=\"\" target=\"_blank\" class=\"btn btn-color-alt btn-style-default btn-shape-rectangle btn-size-large\">Site internet<\/a><\/div><\/div><\/div><\/div><div class=\"wpb_column vc_column_container vc_col-sm-6\"><div class=\"vc_column-inner\"><div class=\"wpb_wrapper\">\n\t<div  class=\"wpb_single_image wpb_content_element vc_align_left\">\n\t\t\n\t\t<figure class=\"wpb_wrapper vc_figure\">\n\t\t\t<div class=\"vc_single_image-wrapper   vc_box_border_grey\"><img loading=\"lazy\" decoding=\"async\" width=\"903\" height=\"271\" src=\"https:\/\/nods.ch\/wp-content\/uploads\/2025\/01\/logo-grand-chasseral-1.svg\" class=\"vc_single_image-img attachment-full\" alt=\"\" title=\"logo-grand-chasseral\" \/><\/div>\n\t\t<\/figure>\n\t<\/div>\n<\/div><\/div><\/div><\/div><div class=\"vc_row-full-width vc_clearfix\"><\/div><div id=\"curiosites\" class=\"vc_row wpb_row vc_row-fluid\"><div class=\"wpb_column vc_column_container vc_col-sm-12\"><div class=\"vc_column-inner\"><div class=\"wpb_wrapper\">\r\n\t\t<div id=\"wd-601140d694d97\" class=\"title-wrapper  woodmart-title-color-primary woodmart-title-style-default woodmart-title-width-100 text-left woodmart-title-size-large \">\r\n\t\t\t\r\n\t\t\t<div class=\"liner-continer\">\r\n\t\t\t\t<span class=\"left-line\"><\/span>\r\n\t\t\t\t<h3 class=\"woodmart-title-container title  woodmart-font-weight-500\" >Curiosit\u00e9s<\/h3>\t\t\t\t\t\t\t\t<span class=\"right-line\"><\/span>\r\n\t\t\t<\/div>\r\n\t\t\t\r\n\t\t\t\r\n\t\t\t\t\t<\/div>\r\n\t\t\r\n\t\t<div class=\"vc_row wpb_row vc_inner vc_row-fluid vc_custom_1611743234087 vc_row-has-fill vc_row-o-equal-height vc_row-o-content-middle vc_row-flex\"><div class=\"wpb_column vc_column_container vc_col-sm-3\"><div class=\"vc_column-inner\"><div class=\"wpb_wrapper\"><\/div><\/div><\/div><div class=\"wpb_column vc_column_container vc_col-sm-6\"><div class=\"vc_column-inner\"><div class=\"wpb_wrapper\"><div class=\"vc_empty_space\"   style=\"height: 75px\"><span class=\"vc_empty_space_inner\"><\/span><\/div><div id=\"wd-6012697cb2aad\" class=\"woodmart-button-wrapper text-center\"><a href=\"https:\/\/www.parcchasseral.ch\/\" title=\"\" target=\"_blank\" class=\"btn btn-color-primary btn-style-default btn-shape-rectangle btn-size-large btn-full-width\">Parc naturel de Chasseral<\/a><\/div><div class=\"vc_empty_space\"   style=\"height: 85px\"><span class=\"vc_empty_space_inner\"><\/span><\/div><\/div><\/div><\/div><div class=\"wpb_column vc_column_container vc_col-sm-3\"><div class=\"vc_column-inner\"><div class=\"wpb_wrapper\"><\/div><\/div><\/div><\/div><div class=\"vc_row wpb_row vc_inner vc_row-fluid vc_custom_1611743423623 vc_row-has-fill vc_row-o-equal-height vc_row-o-content-middle vc_row-flex\"><div class=\"wpb_column vc_column_container vc_col-sm-3\"><div class=\"vc_column-inner\"><div class=\"wpb_wrapper\"><\/div><\/div><\/div><div class=\"wpb_column vc_column_container vc_col-sm-6\"><div class=\"vc_column-inner\"><div class=\"wpb_wrapper\"><div class=\"vc_empty_space\"   style=\"height: 75px\"><span class=\"vc_empty_space_inner\"><\/span><\/div><div id=\"wd-6012e3aae04f2\" class=\"woodmart-button-wrapper text-center\"><a href=\"https:\/\/www.parcchasseral.ch\/\" title=\"\" target=\"_blank\" class=\"btn btn-color-alt btn-style-default btn-shape-rectangle btn-size-large btn-full-width\">Sommet du Chasseral (1607)<\/a><\/div><div class=\"vc_empty_space\"   style=\"height: 85px\"><span class=\"vc_empty_space_inner\"><\/span><\/div><\/div><\/div><\/div><div class=\"wpb_column vc_column_container vc_col-sm-3\"><div class=\"vc_column-inner\"><div class=\"wpb_wrapper\"><\/div><\/div><\/div><\/div><div class=\"vc_row wpb_row vc_inner vc_row-fluid vc_custom_1611743932127 vc_row-has-fill vc_row-o-equal-height vc_row-o-content-middle vc_row-flex\"><div class=\"wpb_column vc_column_container vc_col-sm-3\"><div class=\"vc_column-inner\"><div class=\"wpb_wrapper\"><\/div><\/div><\/div><div class=\"wpb_column vc_column_container vc_col-sm-6\"><div class=\"vc_column-inner\"><div class=\"wpb_wrapper\"><div class=\"vc_empty_space\"   style=\"height: 75px\"><span class=\"vc_empty_space_inner\"><\/span><\/div><div id=\"wd-602b87a99e0d8\" class=\"woodmart-button-wrapper text-center\"><a  class=\"btn btn-color-alt btn-style-default btn-shape-rectangle btn-size-large btn-full-width\">R\u00e9serve naturelle ``Etang de la Praye``<\/a><\/div><div class=\"vc_empty_space\"   style=\"height: 85px\"><span class=\"vc_empty_space_inner\"><\/span><\/div><\/div><\/div><\/div><div class=\"wpb_column vc_column_container vc_col-sm-3\"><div class=\"vc_column-inner\"><div class=\"wpb_wrapper\"><\/div><\/div><\/div><\/div><div class=\"vc_row wpb_row vc_inner vc_row-fluid vc_custom_1611744053320 vc_row-has-fill vc_row-o-equal-height vc_row-o-content-middle vc_row-flex\"><div class=\"wpb_column vc_column_container vc_col-sm-3\"><div class=\"vc_column-inner\"><div class=\"wpb_wrapper\"><\/div><\/div><\/div><div class=\"wpb_column vc_column_container vc_col-sm-6\"><div class=\"vc_column-inner\"><div class=\"wpb_wrapper\"><div class=\"vc_empty_space\"   style=\"height: 75px\"><span class=\"vc_empty_space_inner\"><\/span><\/div><div id=\"wd-6011444e78f26\" class=\"woodmart-button-wrapper text-center\"><a  class=\"btn btn-color-primary btn-style-default btn-shape-rectangle btn-size-large btn-full-width\">Tour communale du XVIIe si\u00e8cle<\/a><\/div><div class=\"vc_empty_space\"   style=\"height: 85px\"><span class=\"vc_empty_space_inner\"><\/span><\/div><\/div><\/div><\/div><div class=\"wpb_column vc_column_container vc_col-sm-3\"><div class=\"vc_column-inner\"><div class=\"wpb_wrapper\"><\/div><\/div><\/div><\/div><\/div><\/div><\/div><\/div><div id=\"parcchasseral\" data-vc-full-width=\"true\" data-vc-full-width-temp=\"true\" data-vc-full-width-init=\"false\" class=\"vc_row wpb_row vc_row-fluid vc_custom_1615231737858 vc_row-has-fill vc_column-gap-30 vc_row-o-equal-height vc_row-flex\"><div class=\"wpb_column vc_column_container vc_col-sm-12 vc_col-has-fill\"><div class=\"vc_column-inner vc_custom_1611662957102\"><div class=\"wpb_wrapper\">\r\n\t\t<div id=\"wd-6011473bad89e\" class=\"title-wrapper  woodmart-title-color-primary woodmart-title-style-default woodmart-title-width-100 text-left woodmart-title-size-large \">\r\n\t\t\t\r\n\t\t\t<div class=\"liner-continer\">\r\n\t\t\t\t<span class=\"left-line\"><\/span>\r\n\t\t\t\t<h3 class=\"woodmart-title-container title  woodmart-font-weight-500\" >Parc r\u00e9gional Chasseral<\/h3>\t\t\t\t\t\t\t\t<span class=\"right-line\"><\/span>\r\n\t\t\t<\/div>\r\n\t\t\t\r\n\t\t\t\r\n\t\t\t\t\t<\/div>\r\n\t\t\r\n\t\t\t\t\t<div class=\"info-box-wrapper \">\r\n\t\t\t\t<div id=\"wd-6011471d28764\" class=\" woodmart-info-box text-left box-icon-align-top box-style- color-scheme- woodmart-bg-none box-title-default \"  >\r\n\t\t\t\t\t\t\t\t\t\t<div class=\"info-box-content\">\r\n\t\t\t\t\t\t\t\t\t\t\t\t<div class=\"info-box-inner reset-mb-10\">\r\n\t\t\t\t\t\t\t<p>Inspir\u00e9 de l&rsquo;exemple des\u00a0<a href=\"http:\/\/www.parcs-naturels-regionaux.tm.fr\/\"><strong>parcs naturels r\u00e9gionaux fran\u00e7ais<\/strong><\/a>, la cr\u00e9ation d&rsquo;un Parc r\u00e9gional \u00e0 Chasseral a pour objectif de valoriser la r\u00e9gion Chasseral en int\u00e9grant les aspects \u00e9conomiques, naturels et sociaux. Partie prenante au groupe de pilotage du projet, L&rsquo;ARJB est responsable du management du projet.<\/p>\n<p>Cr\u00e9er un Parc r\u00e9gional \u00e0 Chasseral s&rsquo;inscrit dans une perspective de d\u00e9veloppement durable. Le projet part du constat suivant : par son activit\u00e9, l&rsquo;homme a contribu\u00e9 \u00e0 fa\u00e7onner le massif de Chasseral. Il ne s\u2019agit ainsi pas de prot\u00e9ger cet espace de toute activit\u00e9 humaine, mais bien au contraire de concilier les aspects naturels et \u00e9conomiques et de profiter de leurs compl\u00e9mentarit\u00e9s.<\/p>\n<p>Le projet se trouve actuellement en phase de planification. Le groupe de pilotage \u00a0\u00bb Parc r\u00e9gional Chasseral \u00a0\u00bb est compos\u00e9 de repr\u00e9sentants cantonaux neuch\u00e2telois et bernois, de l\u2019Office du tourisme du Jura bernois, des trois associations r\u00e9gionales concern\u00e9es (Centre-Jura, Jura-Bienne, Val-de-Ruz) et des Maires de Nods et St-Imier.<\/p>\n<p>&nbsp;<\/p>\n<p><strong>Trois secteurs sont actuellement \u00e0 l&rsquo;\u00e9tude :<\/strong><\/p>\n<p>&#8211; Transports<br \/>\n&#8211; Nature et paysage<br \/>\n&#8211; D\u00e9veloppement touristique<\/p>\n<p>Le Parc r\u00e9gional Chasseral ne s&rsquo;arr\u00eate pas \u00e0 ces trois secteurs. Le patrimoine b\u00e2ti, l&rsquo;agriculture et la sylviculture, l&rsquo;artisanat, les activit\u00e9s culturelles seront \u00e9galement valoris\u00e9s dans le cadre du parc r\u00e9gional.<\/p>\n<p>&nbsp;<\/p>\n<p><strong>Formellement, le projet sera finalis\u00e9 par trois \u00e9l\u00e9ments :<\/strong><\/p>\n<p>&#8211; Concept : les r\u00e9sultats des \u00e9tudes des trois secteurs<br \/>\n&#8211; Plan directeur d&rsquo;am\u00e9nagement pour le massif de Chasseral<br \/>\n&#8211; Charte : document par lequel les partenaires adh\u00e8rent au Parc et s&rsquo;engagent \u00e0 \u0153uvrer dans la direction et selon les principes sugg\u00e9r\u00e9s dans la charte.<\/p>\n\t\t\t\t\t\t<\/div>\r\n\r\n\t\t\t\t\t\t\t\t\t\t\t\t\r\n\t\t\t\t\t<\/div>\r\n\r\n\t\t\t\t\t\t\t\t\t<\/div>\r\n\t\t\t<\/div>\r\n\t\t<div id=\"wd-6012697cb2aad\" class=\"woodmart-button-wrapper text-center\"><a href=\"https:\/\/www.parcchasseral.ch\/\" title=\"\" target=\"_blank\" class=\"btn btn-color-primary btn-style-default btn-shape-rectangle btn-size-large btn-full-width\">Parc naturel de Chasseral<\/a><\/div><div class=\"vc_empty_space\"   style=\"height: 32px\"><span class=\"vc_empty_space_inner\"><\/span><\/div><\/div><\/div><\/div><\/div><div class=\"vc_row-full-width vc_clearfix\"><\/div><div data-vc-full-width=\"true\" data-vc-full-width-temp=\"true\" data-vc-full-width-init=\"false\" class=\"vc_row wpb_row vc_row-fluid vc_custom_1641999217974 vc_row-has-fill vc_column-gap-30 vc_row-o-equal-height vc_row-flex\"><div class=\"wpb_column vc_column_container vc_col-sm-12 vc_col-has-fill\"><div class=\"vc_column-inner vc_custom_1611662957102\"><div class=\"wpb_wrapper\"><div class=\"vc_empty_space\"   style=\"height: 32px\"><span class=\"vc_empty_space_inner\"><\/span><\/div>\r\n\t\t<div id=\"wd-61dee36c57283\" class=\"title-wrapper  woodmart-title-color-primary woodmart-title-style-default woodmart-title-width-100 text-left woodmart-title-size-large \">\r\n\t\t\t\r\n\t\t\t<div class=\"liner-continer\">\r\n\t\t\t\t<span class=\"left-line\"><\/span>\r\n\t\t\t\t<h3 class=\"woodmart-title-container title  woodmart-font-weight-500\" >Places de Parc \u00e0 Nods<\/h3>\t\t\t\t\t\t\t\t<span class=\"right-line\"><\/span>\r\n\t\t\t<\/div>\r\n\t\t\t\r\n\t\t\t\r\n\t\t\t\t\t<\/div>\r\n\t\t\r\n\t\t\t\t\t<div class=\"info-box-wrapper \">\r\n\t\t\t\t<div id=\"wd-61deeadcc7a83\" class=\" woodmart-info-box text-left box-icon-align-top box-style- color-scheme- woodmart-bg-none box-title-default vc_custom_1641999081603\"  >\r\n\t\t\t\t\t\t\t\t\t\t<div class=\"info-box-content\">\r\n\t\t\t\t\t\t\t\t\t\t\t\t<div class=\"info-box-inner reset-mb-10\">\r\n\t\t\t\t\t\t\t<p><strong>Cher visiteur, cher usager des installations touristiques de Nods<\/strong><\/p>\n<p><strong>Veuillez respecter la signalisation mise en place et parquez-vous sur les parkings indiqu\u00e9s sur le plan ci-dessous en fonction du sport pratiqu\u00e9\u00a0: <\/strong><\/p>\n<p><span style=\"color: #4265cf;\"><strong>1. Parking Route de Chasseral<\/strong><\/span><\/p>\n<p>A utiliser en priorit\u00e9 par les skieurs de fond, les adeptes de la peau de phoque et la raquette.<\/p>\n<p><span style=\"color: #4265cf;\"><strong>2. Parking du Stand de tir<\/strong><\/span><\/p>\n<p>A utiliser tant par les skieurs que par les adeptes de la peau de phoque ou de la raquette.<\/p>\n<p><span style=\"color: #4265cf;\"><strong>3. Parking Pierre Grise<\/strong><\/span><\/p>\n<p>R\u00e9serv\u00e9 aux utilisateurs du t\u00e9l\u00e9ski et t\u00e9l\u00e9bob de Nods.<\/p>\n<p><span style=\"color: #4265cf;\"><strong>4. Parking de l\u2019ancien T\u00e9l\u00e9si\u00e8ge<\/strong><\/span><\/p>\n<p>Utilis\u00e9 de pr\u00e9f\u00e9rence par les marcheurs ainsi que par les pratiquants de la peau de phoque en cas d\u2019enneigement correct.<\/p>\n<p><span style=\"color: #ffcc00;\"><strong>5. Parking de la halle de gymnastique <span style=\"color: #000000;\">\u2013 <u>Uniquement en dehors de l\u2019horaire scolaire<\/u><\/span><\/strong><\/span><\/p>\n<p>Utilis\u00e9 de pr\u00e9f\u00e9rence par les marcheurs ainsi que par les pratiquants de la peau de phoque en cas d\u2019enneigement correct.<\/p>\n<p><img decoding=\"async\" src=\"https:\/\/nods.ch\/wp-content\/uploads\/2022\/01\/Plan-places-de-parc-1024x640.png\" \/><\/p>\n\t\t\t\t\t\t<\/div>\r\n\r\n\t\t\t\t\t\t\t\t\t\t\t\t\r\n\t\t\t\t\t<\/div>\r\n\r\n\t\t\t\t\t\t\t\t\t<\/div>\r\n\t\t\t<\/div>\r\n\t\t<\/div><\/div><\/div><\/div><div class=\"vc_row-full-width vc_clearfix\"><\/div>\n<\/div>","protected":false},"excerpt":{"rendered":"Office du tourisme Grand Chasseral Tourisme Rue du March\u00e9 4 2520 La Neuveville T\u00e9l. +41 (0)32 751 49 49 ContactSite","protected":false},"author":1,"featured_media":0,"parent":0,"menu_order":0,"comment_status":"closed","ping_status":"closed","template":"","meta":{"_acf_changed":false,"footnotes":""},"class_list":["post-4013","page","type-page","status-publish","hentry"],"acf":[],"publishpress_future_action":{"enabled":false,"date":"2026-04-22 04:42:10","action":"change-status","newStatus":"draft","terms":[],"taxonomy":"","extraData":[]},"publishpress_future_workflow_manual_trigger":{"enabledWorkflows":[]},"_links":{"self":[{"href":"https:\/\/nods.ch\/de\/wp-json\/wp\/v2\/pages\/4013","targetHints":{"allow":["GET"]}}],"collection":[{"href":"https:\/\/nods.ch\/de\/wp-json\/wp\/v2\/pages"}],"about":[{"href":"https:\/\/nods.ch\/de\/wp-json\/wp\/v2\/types\/page"}],"author":[{"embeddable":true,"href":"https:\/\/nods.ch\/de\/wp-json\/wp\/v2\/users\/1"}],"replies":[{"embeddable":true,"href":"https:\/\/nods.ch\/de\/wp-json\/wp\/v2\/comments?post=4013"}],"version-history":[{"count":94,"href":"https:\/\/nods.ch\/de\/wp-json\/wp\/v2\/pages\/4013\/revisions"}],"predecessor-version":[{"id":6118,"href":"https:\/\/nods.ch\/de\/wp-json\/wp\/v2\/pages\/4013\/revisions\/6118"}],"wp:attachment":[{"href":"https:\/\/nods.ch\/de\/wp-json\/wp\/v2\/media?parent=4013"}],"curies":[{"name":"wp","href":"https:\/\/api.w.org\/{rel}","templated":true}]}}